{"id":31539,"date":"2025-01-13T13:22:34","date_gmt":"2025-01-13T13:22:34","guid":{"rendered":"https:\/\/purama.lt\/produktas\/libido-guminukai-vyrams-nordic-nutris\/"},"modified":"2026-04-14T07:56:20","modified_gmt":"2026-04-14T05:56:20","slug":"libiidokummi-meestele-nordic-nutris","status":"publish","type":"product","link":"https:\/\/purama.lt\/ee\/produktas\/libido-guminukai-vyrams-nordic-nutris\/","title":{"rendered":"Libido kummikud meestele NORDIC NUTRIS"},"content":{"rendered":"<p><strong>Tarbimine<\/strong><br>T\u00e4iskasvanud mehed: 2 n\u00e4rimiskummi p\u00e4rast s\u00f6\u00f6ki, 1 kord p\u00e4evas.<br>\u00c4rge \u00fcletage p\u00e4evast annust; toode on m\u00f5eldud ainult t\u00e4iskasvanutele.<br>Konsulteerige oma arstiga, kui te v\u00f5tate ravimeid, kui teil on krooniline haigus v\u00f5i kui te olete koostisainete suhtes tundlik.<\/p>\n\n\n\n<p><strong>Koostisosad<\/strong><br>maca juurte ekstrakt, tribulus terrestris ekstrakt, \u017een\u0161enni ekstrakt, l-arginiin, tsink, vitamiin b6.<\/p>","protected":false},"excerpt":{"rendered":"<p data-start=\"0\" data-end=\"479\"><strong data-start=\"16\" data-end=\"62\">Nordic Nutris - Libido Sex Gummies meestele<\/strong> v\u00e4lja t\u00f6\u00f6tatud n\u00e4rimiskummid <strong data-start=\"91\" data-end=\"133\">meeste libiido ja intiimne eluj\u00f5ud<\/strong> et toetada oma igap\u00e4evast rutiini. Sisaldab <strong data-start=\"183\" data-end=\"235\">maca, tribulus terrestris ja \u017een\u0161enni ekstraktid<\/strong> koos <strong data-start=\"245\" data-end=\"281\">L-arginiin, tsink ja vitamiin B6<\/strong> aitab s\u00e4ilitada energiat, enesekindlust ja meeldivamat sensoorset tundlikkust, samal ajal kui mugav n\u00e4rimiskummi formaat muudab regulaarsest rutiinist kinnipidamise lihtsaks.<\/p>\n<p data-start=\"481\" data-end=\"794\"><strong data-start=\"481\" data-end=\"504\">Miks valida<\/strong><br data-start=\"504\" data-end=\"507\" \/><strong data-start=\"507\" data-end=\"513\">\u2714\ufe0f<\/strong> taimeekstraktide kombinatsioon meeste eluj\u00f5ulisuse saavutamiseks<br data-start=\"563\" data-end=\"566\" \/><strong data-start=\"566\" data-end=\"572\">\u2714\ufe0f<\/strong> L-arginiini, tsingi ja b6-vitamiiniga.<br data-start=\"608\" data-end=\"611\" \/><strong data-start=\"611\" data-end=\"617\">\u2714\ufe0f<\/strong> Mugav kummikuju igap\u00e4evaseks kasutamiseks<br data-start=\"661\" data-end=\"664\" \/><strong data-start=\"664\" data-end=\"670\">\u2714\ufe0f<\/strong> libiido ja intiimse usalduse s\u00e4ilitamiseks<br data-start=\"720\" data-end=\"723\" \/><strong data-start=\"723\" data-end=\"729\">\u2714\ufe0f<\/strong> parema heaolu saavutamiseks on soovitatav regulaarne kehaline aktiivsus<\/p>","protected":false},"featured_media":31562,"comment_status":"open","ping_status":"closed","template":"","meta":{"_acf_changed":false},"product_brand":[444],"product_cat":[60,112,276,277],"product_tag":[],"class_list":{"0":"post-31539","1":"product","2":"type-product","3":"status-publish","4":"has-post-thumbnail","6":"product_brand-nordic-nutris","7":"product_cat-mitybai","8":"product_cat-guminukai","9":"product_cat-seksualinei-sveikatai","10":"product_cat-vyrams","12":"first","13":"instock","14":"shipping-taxable","15":"purchasable","16":"product-type-simple"},"acf":[],"tiered_pricing_type":"fixed","tiered_pricing_fixed_rules":[],"tiered_pricing_product_settings":{"layout":"default","base_unit_name":{"singular":null,"plural":null},"default_variation":null},"tiered_pricing_minimum_quantity":null,"tiered_pricing_roles_data":[],"tiered_pricing_percentage_rules":[],"_links":{"self":[{"href":"https:\/\/purama.lt\/ee\/wp-json\/wp\/v2\/product\/31539","targetHints":{"allow":["GET"]}}],"collection":[{"href":"https:\/\/purama.lt\/ee\/wp-json\/wp\/v2\/product"}],"about":[{"href":"https:\/\/purama.lt\/ee\/wp-json\/wp\/v2\/types\/product"}],"replies":[{"embeddable":true,"href":"https:\/\/purama.lt\/ee\/wp-json\/wp\/v2\/comments?post=31539"}],"wp:featuredmedia":[{"embeddable":true,"href":"https:\/\/purama.lt\/ee\/wp-json\/wp\/v2\/media\/31562"}],"wp:attachment":[{"href":"https:\/\/purama.lt\/ee\/wp-json\/wp\/v2\/media?parent=31539"}],"wp:term":[{"taxonomy":"product_brand","embeddable":true,"href":"https:\/\/purama.lt\/ee\/wp-json\/wp\/v2\/product_brand?post=31539"},{"taxonomy":"product_cat","embeddable":true,"href":"https:\/\/purama.lt\/ee\/wp-json\/wp\/v2\/product_cat?post=31539"},{"taxonomy":"product_tag","embeddable":true,"href":"https:\/\/purama.lt\/ee\/wp-json\/wp\/v2\/product_tag?post=31539"}],"curies":[{"name":"wp","href":"https:\/\/api.w.org\/{rel}","templated":true}]}}