{"id":31538,"date":"2025-01-13T13:22:33","date_gmt":"2025-01-13T13:22:33","guid":{"rendered":"https:\/\/purama.lt\/produktas\/libido-guminukai-moterims-nordic-nutris\/"},"modified":"2026-04-30T14:46:59","modified_gmt":"2026-04-30T12:46:59","slug":"libiido-kummid-naistele-nordic-nutris","status":"publish","type":"product","link":"https:\/\/purama.lt\/ee\/produktas\/libido-guminukai-moterims-nordic-nutris\/","title":{"rendered":"Libido kummikud naistele NORDIC NUTRIS"},"content":{"rendered":"<p><strong>Tarbimine<\/strong><br>V\u00f5tke 2 n\u00e4rimiskummi p\u00e4rast s\u00f6\u00f6ki, 1 kord p\u00e4evas.<br>Positiivne m\u00f5ju on seotud igap\u00e4evase kasutamise ja regulaarse treeningu s\u00e4ilitamisega.<\/p>\n\n\n\n<p><strong>Koostisosad<\/strong><br>makajuurte ekstrakt, tribulus terrestris ekstrakt, \u017een\u0161enni ekstrakt, l-arginiin, tsink, vitamiin b6, looduslikud puuvilja l\u00f5hna- ja maitseained, pektiin.<\/p>\n\n\n\n<p><\/p>","protected":false},"excerpt":{"rendered":"<p data-start=\"0\" data-end=\"511\"><strong data-start=\"16\" data-end=\"60\">Nordic Nutris - Libido kummikud naistele<\/strong> v\u00e4lja t\u00f6\u00f6tatud n\u00e4rimiskummid <strong data-start=\"89\" data-end=\"136\">naiste libiido ja seksuaalse heaolu jaoks<\/strong> s\u00e4ilitada igap\u00e4evane rutiin. See \u00fchendab taimeekstrakte (maca, tribulus terrestris, \u017een\u0161enn), L-arginiini, tsinki ja B6-vitamiini - mugav valik, kui soovite rohkem <strong data-start=\"330\" data-end=\"360\">soov, tunne ja energia<\/strong> intiimsus. Vitamiin B6 aitab kaasa <strong data-start=\"400\" data-end=\"441\">normaalse hormonaalse aktiivsuse reguleerimine<\/strong>, ja tsinki <strong data-start=\"459\" data-end=\"510\">normaalne viljakus ja reproduktiivsed funktsioonid<\/strong>.<\/p>\n<p data-start=\"513\" data-end=\"761\"><strong data-start=\"513\" data-end=\"536\">Miks valida<\/strong><br data-start=\"536\" data-end=\"539\" \/><strong data-start=\"539\" data-end=\"545\">\u2714\ufe0f<\/strong> libiido ja seksuaalse heaolu valem naistele<br data-start=\"599\" data-end=\"602\" \/><strong data-start=\"602\" data-end=\"608\">\u2714\ufe0f<\/strong> maca, tribulus terrestrise ja \u017een\u0161enni ekstraktidega<br data-start=\"661\" data-end=\"664\" \/><strong data-start=\"664\" data-end=\"670\">\u2714\ufe0f<\/strong> L-arginiini, tsingi ja b6-vitamiiniga.<br data-start=\"706\" data-end=\"709\" \/><strong data-start=\"709\" data-end=\"715\">\u2714\ufe0f<\/strong> Mugav kummikuju igap\u00e4evaseks kasutamiseks<\/p>","protected":false},"featured_media":31563,"comment_status":"open","ping_status":"closed","template":"","meta":{"_acf_changed":false},"product_brand":[444],"product_cat":[60,112,278,276],"product_tag":[],"class_list":{"0":"post-31538","1":"product","2":"type-product","3":"status-publish","4":"has-post-thumbnail","6":"product_brand-nordic-nutris","7":"product_cat-mitybai","8":"product_cat-guminukai","9":"product_cat-moterims","10":"product_cat-seksualinei-sveikatai","12":"first","13":"instock","14":"shipping-taxable","15":"purchasable","16":"product-type-simple"},"acf":[],"tiered_pricing_type":"fixed","tiered_pricing_fixed_rules":[],"tiered_pricing_product_settings":{"layout":"default","base_unit_name":{"singular":null,"plural":null},"default_variation":null},"tiered_pricing_minimum_quantity":null,"tiered_pricing_roles_data":[],"tiered_pricing_percentage_rules":[],"_links":{"self":[{"href":"https:\/\/purama.lt\/ee\/wp-json\/wp\/v2\/product\/31538","targetHints":{"allow":["GET"]}}],"collection":[{"href":"https:\/\/purama.lt\/ee\/wp-json\/wp\/v2\/product"}],"about":[{"href":"https:\/\/purama.lt\/ee\/wp-json\/wp\/v2\/types\/product"}],"replies":[{"embeddable":true,"href":"https:\/\/purama.lt\/ee\/wp-json\/wp\/v2\/comments?post=31538"}],"wp:featuredmedia":[{"embeddable":true,"href":"https:\/\/purama.lt\/ee\/wp-json\/wp\/v2\/media\/31563"}],"wp:attachment":[{"href":"https:\/\/purama.lt\/ee\/wp-json\/wp\/v2\/media?parent=31538"}],"wp:term":[{"taxonomy":"product_brand","embeddable":true,"href":"https:\/\/purama.lt\/ee\/wp-json\/wp\/v2\/product_brand?post=31538"},{"taxonomy":"product_cat","embeddable":true,"href":"https:\/\/purama.lt\/ee\/wp-json\/wp\/v2\/product_cat?post=31538"},{"taxonomy":"product_tag","embeddable":true,"href":"https:\/\/purama.lt\/ee\/wp-json\/wp\/v2\/product_tag?post=31538"}],"curies":[{"name":"wp","href":"https:\/\/api.w.org\/{rel}","templated":true}]}}