{"id":31537,"date":"2025-01-13T13:22:33","date_gmt":"2025-01-13T13:22:33","guid":{"rendered":"https:\/\/purama.lt\/produktas\/guminukai-nordic-nutris-sleep-gummies-melyiniu-sk\/"},"modified":"2026-01-23T14:26:20","modified_gmt":"2026-01-23T12:26:20","slug":"nordic-nutris-sleep-gummies-sinine","status":"publish","type":"product","link":"https:\/\/purama.lt\/ee\/produktas\/guminukai-nordic-nutris-sleep-gummies-melyniu-sk\/","title":{"rendered":"NORDIC NUTRIS Sleep Gummies (mustikas)"},"content":{"rendered":"<p><strong>Tarbimine<\/strong><br>2 n\u00e4rimiskummi p\u00e4evas, eelistatavalt enne magamaminekut.<br>Mitte rohkem kui 5 n\u00e4rimiskummi p\u00e4evas<br>\u00c4rge \u00fcletage soovitatud annust; toidulisandit ei tohi v\u00f5tta s\u00f6\u00f6gi asemel.<\/p>\n\n\n\n<p><strong>Koostisosad<\/strong><br>d3-vitamiin (1,5 \u03bcg, 30 %), k2-vitamiin (37,5 \u03bcg, 50 %), melatoniin (0,5 mg), magneesiumgl\u00fctsinaat (10 mg, 2,5 %), passioonilill (Passiflora caerulea) (17 mg), kummeli ekstrakt (17 mg).<\/p>\n\n\n\n<p><\/p>\n\n\n\n<p><\/p>","protected":false},"excerpt":{"rendered":"<p data-start=\"0\" data-end=\"566\"><strong data-start=\"16\" data-end=\"49\">Nordic Nutris - Sleep Gummies<\/strong> Mustika maitsega kummikud v\u00e4lja t\u00f6\u00f6tatud <strong data-start=\"84\" data-end=\"109\">kiiremaks uinumiseks<\/strong> ja <strong data-start=\"113\" data-end=\"149\">parema kvaliteediga ja rahulikuma une jaoks<\/strong> toetus. Kombineeritud valemiga <strong data-start=\"181\" data-end=\"196\">melatoniin<\/strong>, <strong data-start=\"198\" data-end=\"219\">magneesiumgl\u00fctsinaat<\/strong> ja <strong data-start=\"224\" data-end=\"262\">Passionlille ja kummeli ekstraktid<\/strong>, mis aitab teil \u00f5htul l\u00f5\u00f5gastuda ja hommikul end paremini v\u00e4lja puhanud tunda. <strong data-start=\"338\" data-end=\"365\">Kummies on vegan<\/strong>, ja sobib seet\u00f5ttu ka neile, kes v\u00e4ldivad loomseid koostisosi. Melatoniin on h\u00e4sti uuritud koostisosa, mida seostatakse une-\u00e4rkamisr\u00fctmi reguleerimisega ja seet\u00f5ttu valitakse see sageli \u00f5htuse rutiini jaoks.<\/p>\n<p data-start=\"568\" data-end=\"863\"><strong data-start=\"568\" data-end=\"591\">Miks valida<\/strong><br data-start=\"591\" data-end=\"594\" \/><strong data-start=\"594\" data-end=\"600\">\u2714\ufe0f<\/strong> Mustika maitsega kummikud - mugav kasutada<br data-start=\"642\" data-end=\"645\" \/><strong data-start=\"645\" data-end=\"651\">\u2714\ufe0f<\/strong> <strong data-start=\"652\" data-end=\"665\">vegan<\/strong> valem<br data-start=\"673\" data-end=\"676\" \/><strong data-start=\"676\" data-end=\"682\">\u2714\ufe0f<\/strong> melatoniiniga kiiremaks uinumiseks<br data-start=\"718\" data-end=\"721\" \/><strong data-start=\"721\" data-end=\"727\">\u2714\ufe0f<\/strong> magneesiumgl\u00fctsinaadi ja taimeekstraktidega l\u00f5\u00f5gastumiseks<br data-start=\"791\" data-end=\"794\" \/><strong data-start=\"794\" data-end=\"800\">\u2714\ufe0f<\/strong> aitab s\u00e4ilitada katkematu une ja hommikuse puhkuse tunde.<\/p>\n<p>&nbsp;<\/p>","protected":false},"featured_media":31558,"comment_status":"open","ping_status":"closed","template":"","meta":{"_acf_changed":false},"product_brand":[444],"product_cat":[61,112,271,60,269],"product_tag":[],"class_list":{"0":"post-31537","1":"product","2":"type-product","3":"status-publish","4":"has-post-thumbnail","6":"product_brand-nordic-nutris","7":"product_cat-ramybei","8":"product_cat-guminukai","9":"product_cat-miego-kokybe","10":"product_cat-mitybai","11":"product_cat-stresui-ir-miegui","13":"first","14":"outofstock","15":"shipping-taxable","16":"purchasable","17":"product-type-simple"},"acf":[],"tiered_pricing_type":"fixed","tiered_pricing_fixed_rules":[],"tiered_pricing_product_settings":{"layout":"default","base_unit_name":{"singular":null,"plural":null},"default_variation":null},"tiered_pricing_minimum_quantity":null,"tiered_pricing_roles_data":[],"tiered_pricing_percentage_rules":[],"_links":{"self":[{"href":"https:\/\/purama.lt\/ee\/wp-json\/wp\/v2\/product\/31537","targetHints":{"allow":["GET"]}}],"collection":[{"href":"https:\/\/purama.lt\/ee\/wp-json\/wp\/v2\/product"}],"about":[{"href":"https:\/\/purama.lt\/ee\/wp-json\/wp\/v2\/types\/product"}],"replies":[{"embeddable":true,"href":"https:\/\/purama.lt\/ee\/wp-json\/wp\/v2\/comments?post=31537"}],"wp:featuredmedia":[{"embeddable":true,"href":"https:\/\/purama.lt\/ee\/wp-json\/wp\/v2\/media\/31558"}],"wp:attachment":[{"href":"https:\/\/purama.lt\/ee\/wp-json\/wp\/v2\/media?parent=31537"}],"wp:term":[{"taxonomy":"product_brand","embeddable":true,"href":"https:\/\/purama.lt\/ee\/wp-json\/wp\/v2\/product_brand?post=31537"},{"taxonomy":"product_cat","embeddable":true,"href":"https:\/\/purama.lt\/ee\/wp-json\/wp\/v2\/product_cat?post=31537"},{"taxonomy":"product_tag","embeddable":true,"href":"https:\/\/purama.lt\/ee\/wp-json\/wp\/v2\/product_tag?post=31537"}],"curies":[{"name":"wp","href":"https:\/\/api.w.org\/{rel}","templated":true}]}}