{"id":31482,"date":"2025-01-13T08:10:58","date_gmt":"2025-01-13T08:10:58","guid":{"rendered":"https:\/\/purama.lt\/produktas\/h-drop-cannabites-liofilizuoti-funkciniai-braskiu-kubeliai-su-kanapiu-ziedais\/"},"modified":"2026-02-17T10:20:20","modified_gmt":"2026-02-17T08:20:20","slug":"h-drop-cannabites-kulmkuivatatud-funktsionaalsed-brownie-kuubikud-kanepililledega","status":"publish","type":"product","link":"https:\/\/purama.lt\/ee\/produktas\/h-drop-cannabites-liofilizuoti-funkciniai-braskiu-kubeliai-su-kanapiu-ziedais\/","title":{"rendered":"H DROP CANNABITES - K\u00fclmkuivatatud funktsionaalsed maasikakuubikud kanepi\u00f5itega"},"content":{"rendered":"<p><strong>Koostisained:<\/strong> K\u00fclmkuivatatud maasikad, kanepililled, looduslikud l\u00f5hna- ja maitseained, sidrunhape, taime\u00f5li.<\/p>","protected":false},"excerpt":{"rendered":"<p><strong>H DROP CANNABITES - K\u00fclmkuivatatud funktsionaalsed maasikakuubikud kanepi\u00f5itega<\/strong> - Looduslik ja maitsev suupiste, mis on rikastatud kanepi\u00f5itega ja mis on m\u00f5eldud teie tervisliku elustiili jaoks. K\u00fclmkuivatatud maasikakuubikud s\u00e4ilitavad k\u00f5ik oma v\u00e4\u00e4rtuslikud toitumisomadused ja rikkaliku maitse, nii et iga suut\u00e4is on t\u00e4is energiat ja heaolu.<\/p>\n<p>Nautige loomulikkust ja uuenduslikkust koos <strong>H DROP CANNABITES<\/strong>!<\/p>","protected":false},"featured_media":32425,"comment_status":"open","ping_status":"closed","template":"","meta":{"_acf_changed":false},"product_brand":[425],"product_cat":[109,60,61,298],"product_tag":[],"class_list":{"0":"post-31482","1":"product","2":"type-product","3":"status-publish","4":"has-post-thumbnail","6":"product_brand-h-drop","7":"product_cat-cbd-uzkandziai","8":"product_cat-mitybai","9":"product_cat-ramybei","10":"product_cat-sveikas-maistas","12":"first","13":"outofstock","14":"shipping-taxable","15":"purchasable","16":"product-type-simple"},"acf":[],"tiered_pricing_type":"fixed","tiered_pricing_fixed_rules":[],"tiered_pricing_product_settings":{"layout":"default","base_unit_name":{"singular":null,"plural":null},"default_variation":null},"tiered_pricing_minimum_quantity":null,"tiered_pricing_roles_data":[],"tiered_pricing_percentage_rules":[],"_links":{"self":[{"href":"https:\/\/purama.lt\/ee\/wp-json\/wp\/v2\/product\/31482","targetHints":{"allow":["GET"]}}],"collection":[{"href":"https:\/\/purama.lt\/ee\/wp-json\/wp\/v2\/product"}],"about":[{"href":"https:\/\/purama.lt\/ee\/wp-json\/wp\/v2\/types\/product"}],"replies":[{"embeddable":true,"href":"https:\/\/purama.lt\/ee\/wp-json\/wp\/v2\/comments?post=31482"}],"wp:featuredmedia":[{"embeddable":true,"href":"https:\/\/purama.lt\/ee\/wp-json\/wp\/v2\/media\/32425"}],"wp:attachment":[{"href":"https:\/\/purama.lt\/ee\/wp-json\/wp\/v2\/media?parent=31482"}],"wp:term":[{"taxonomy":"product_brand","embeddable":true,"href":"https:\/\/purama.lt\/ee\/wp-json\/wp\/v2\/product_brand?post=31482"},{"taxonomy":"product_cat","embeddable":true,"href":"https:\/\/purama.lt\/ee\/wp-json\/wp\/v2\/product_cat?post=31482"},{"taxonomy":"product_tag","embeddable":true,"href":"https:\/\/purama.lt\/ee\/wp-json\/wp\/v2\/product_tag?post=31482"}],"curies":[{"name":"wp","href":"https:\/\/api.w.org\/{rel}","templated":true}]}}