{"id":31481,"date":"2025-01-13T08:10:58","date_gmt":"2025-01-13T08:10:58","guid":{"rendered":"https:\/\/purama.lt\/produktas\/h-drop-cannabites-liofilizuoti-funkciniai-ananasu-kubeliai-su-kanapiu-ziedais\/"},"modified":"2026-01-05T14:54:41","modified_gmt":"2026-01-05T12:54:41","slug":"h-drop-cannabites-kulmkuivatatud-funktsionaalsed-ananassikuubikud-kanepi-oitega","status":"publish","type":"product","link":"https:\/\/purama.lt\/ee\/produktas\/h-drop-cannabites-liofilizuoti-funkciniai-ananasu-kubeliai-su-kanapiu-ziedais\/","title":{"rendered":"H DROP CANNABITES - K\u00fclmkuivatatud funktsionaalsed ananassikuubikud kanepi\u00f5itega"},"content":{"rendered":"<p><strong>Koostisained:<\/strong> K\u00fclmkuivatatud ananass, kanepi\u00f5ied, looduslikud l\u00f5hna- ja maitseained, sidrunhape, taime\u00f5li.<\/p>","protected":false},"excerpt":{"rendered":"<p><strong>H DROP CANNABITES<\/strong> <strong>- K\u00fclmkuivatatud funktsionaalsed ananassikuubikud kanepi\u00f5itega<\/strong> - on tervislik, looduslik ja maitsev suupiste, mis on rikastatud kanepi\u00f5itega. K\u00fclmkuivatatud ananassikuubikud s\u00e4ilitavad k\u00f5ik oma toitumisomadused ja suurep\u00e4rase maitse, andes energiat ja s\u00e4ilitades hea enesetunde. See suupiste on ideaalne valik neile, kes soovivad \u00fchendada tervisliku toitumise innovaatiliste lahendustega.<\/p>\n<p>Avastage see ainulaadne kombinatsioon ja nautige looduslikke eeliseid koos <strong>H DROP CANNABITES<\/strong>!<\/p>\n<p>&nbsp;<\/p>\n<p data-start=\"115\" data-end=\"180\"><span data-teams=\"true\">Kehtivusaeg 30.11.2025<\/span><\/p>\n<p data-start=\"115\" data-end=\"180\"><span data-teams=\"true\">T\u00e4helepanu! Vastavalt valitsuse jaekaubandusm\u00e4\u00e4ruse s\u00e4tetele on lubatud m\u00fc\u00fca toitu, mille k\u00f5lblikkusaeg on m\u00f6\u00f6dunud, kui see on pakendatud tootja originaalpakendisse ja see pakend ei ole kahjustatud v\u00f5i ei ole kahjustatud.  Sellist toitu v\u00f5ib m\u00fc\u00fca maksimaalselt 45 p\u00e4eva jooksul p\u00e4rast toidu minimaalse s\u00e4ilimisaja l\u00f5ppu. Selle toote s\u00e4ilivusaeg on 30.11.2025. Seda kuubikut v\u00f5ib osta kuni 13. jaanuarini 2026.\u00a0<\/span><\/p>","protected":false},"featured_media":32426,"comment_status":"open","ping_status":"closed","template":"","meta":{"_acf_changed":false},"product_brand":[425],"product_cat":[60,109,61,298],"product_tag":[],"class_list":{"0":"post-31481","1":"product","2":"type-product","3":"status-publish","4":"has-post-thumbnail","6":"product_brand-h-drop","7":"product_cat-mitybai","8":"product_cat-cbd-uzkandziai","9":"product_cat-ramybei","10":"product_cat-sveikas-maistas","12":"first","13":"outofstock","14":"shipping-taxable","15":"purchasable","16":"product-type-simple"},"acf":[],"tiered_pricing_type":"fixed","tiered_pricing_fixed_rules":[],"tiered_pricing_product_settings":{"layout":"default","base_unit_name":{"singular":null,"plural":null},"default_variation":null},"tiered_pricing_minimum_quantity":null,"tiered_pricing_roles_data":[],"tiered_pricing_percentage_rules":[],"_links":{"self":[{"href":"https:\/\/purama.lt\/ee\/wp-json\/wp\/v2\/product\/31481","targetHints":{"allow":["GET"]}}],"collection":[{"href":"https:\/\/purama.lt\/ee\/wp-json\/wp\/v2\/product"}],"about":[{"href":"https:\/\/purama.lt\/ee\/wp-json\/wp\/v2\/types\/product"}],"replies":[{"embeddable":true,"href":"https:\/\/purama.lt\/ee\/wp-json\/wp\/v2\/comments?post=31481"}],"wp:featuredmedia":[{"embeddable":true,"href":"https:\/\/purama.lt\/ee\/wp-json\/wp\/v2\/media\/32426"}],"wp:attachment":[{"href":"https:\/\/purama.lt\/ee\/wp-json\/wp\/v2\/media?parent=31481"}],"wp:term":[{"taxonomy":"product_brand","embeddable":true,"href":"https:\/\/purama.lt\/ee\/wp-json\/wp\/v2\/product_brand?post=31481"},{"taxonomy":"product_cat","embeddable":true,"href":"https:\/\/purama.lt\/ee\/wp-json\/wp\/v2\/product_cat?post=31481"},{"taxonomy":"product_tag","embeddable":true,"href":"https:\/\/purama.lt\/ee\/wp-json\/wp\/v2\/product_tag?post=31481"}],"curies":[{"name":"wp","href":"https:\/\/api.w.org\/{rel}","templated":true}]}}