{"id":31435,"date":"2025-01-11T10:40:17","date_gmt":"2025-01-11T10:40:17","guid":{"rendered":"https:\/\/purama.lt\/produktas\/h-drop-pilno-spektro-cbd-aliejus-15-calm-after-storm\/"},"modified":"2026-04-25T09:02:52","modified_gmt":"2026-04-25T07:02:52","slug":"h-tilk-taisspektri-cbd-oli-15-rahulik-parast-tormi","status":"publish","type":"product","link":"https:\/\/purama.lt\/ee\/produktas\/h-drop-pilno-spektro-cbd-aliejus-15-calm-after-storm\/","title":{"rendered":"H DROP T\u00e4ieliku spektriga CBD \u00f5li 15% Rahunemine p\u00e4rast tormi"},"content":{"rendered":"<p><strong>Koostisained:<\/strong> Kanepiseemne\u00f5li, t\u00e4isspektriline kannabidiool (CBD) - 15%, looduslikud terpeenid, THC-vaba.<\/p>","protected":false},"excerpt":{"rendered":"<p><strong>H DROP T\u00e4ieliku spektriga CBD \u00f5li 15% Rahunemine p\u00e4rast tormi<\/strong> - loomulik ja t\u00f5hus valik neile, kes otsivad rahu p\u00e4rast stressirohket p\u00e4eva. T\u00e4ieliku spektriga kannabinoididega rikastatud \u00f5li aitab taastada keha tasakaalu ja sisemise harmoonia. Esmaklassiline koostis tagab t\u00f5husa toime, mis v\u00f5imaldab teil l\u00f5\u00f5gastuda ja taastada oma energia.<\/p>\n<p><strong>\"Rahulikkus p\u00e4rast tormi\"<\/strong> - teie lahendus rahulikumaks ja harmoonilisemaks igap\u00e4evaeluks.<\/p>","protected":false},"featured_media":31453,"comment_status":"open","ping_status":"closed","template":"","meta":{"_acf_changed":false},"product_brand":[425],"product_cat":[77,500,61],"product_tag":[],"class_list":{"0":"post-31435","1":"product","2":"type-product","3":"status-publish","4":"has-post-thumbnail","6":"product_brand-h-drop","7":"product_cat-cbd-aliejai","8":"product_cat-outlet","9":"product_cat-ramybei","11":"first","12":"instock","13":"sale","14":"shipping-taxable","15":"purchasable","16":"product-type-simple"},"acf":[],"tiered_pricing_type":"fixed","tiered_pricing_fixed_rules":[],"tiered_pricing_product_settings":{"layout":"default","base_unit_name":{"singular":null,"plural":null},"default_variation":null},"tiered_pricing_minimum_quantity":null,"tiered_pricing_roles_data":[],"tiered_pricing_percentage_rules":[],"_links":{"self":[{"href":"https:\/\/purama.lt\/ee\/wp-json\/wp\/v2\/product\/31435","targetHints":{"allow":["GET"]}}],"collection":[{"href":"https:\/\/purama.lt\/ee\/wp-json\/wp\/v2\/product"}],"about":[{"href":"https:\/\/purama.lt\/ee\/wp-json\/wp\/v2\/types\/product"}],"replies":[{"embeddable":true,"href":"https:\/\/purama.lt\/ee\/wp-json\/wp\/v2\/comments?post=31435"}],"wp:featuredmedia":[{"embeddable":true,"href":"https:\/\/purama.lt\/ee\/wp-json\/wp\/v2\/media\/31453"}],"wp:attachment":[{"href":"https:\/\/purama.lt\/ee\/wp-json\/wp\/v2\/media?parent=31435"}],"wp:term":[{"taxonomy":"product_brand","embeddable":true,"href":"https:\/\/purama.lt\/ee\/wp-json\/wp\/v2\/product_brand?post=31435"},{"taxonomy":"product_cat","embeddable":true,"href":"https:\/\/purama.lt\/ee\/wp-json\/wp\/v2\/product_cat?post=31435"},{"taxonomy":"product_tag","embeddable":true,"href":"https:\/\/purama.lt\/ee\/wp-json\/wp\/v2\/product_tag?post=31435"}],"curies":[{"name":"wp","href":"https:\/\/api.w.org\/{rel}","templated":true}]}}