{"id":31432,"date":"2025-01-11T10:40:16","date_gmt":"2025-01-11T10:40:16","guid":{"rendered":"https:\/\/purama.lt\/produktas\/h-drop-pilno-spektro-cbd-aliejus-5-joys-of-spring\/"},"modified":"2026-03-19T16:37:20","modified_gmt":"2026-03-19T14:37:20","slug":"h-tilk-taisspektri-cbd-oli-5-roomud-kevadel","status":"publish","type":"product","link":"https:\/\/purama.lt\/ee\/produktas\/h-drop-pilno-spektro-cbd-aliejus-5-joys-of-spring\/","title":{"rendered":"H DROP T\u00e4ieliku spektriga CBD \u00f5li 5% Kevadised r\u00f5\u00f5mud"},"content":{"rendered":"<p><strong>Koostisained:<\/strong> Kanepiseemne\u00f5li, t\u00e4isspektriline kannabidiool (CBD) - 5%, looduslikud terpeenid, THC-vaba.<\/p>","protected":false},"excerpt":{"rendered":"<p><strong>H DROP T\u00e4ieliku spektriga CBD \u00f5li 5% Kevadised r\u00f5\u00f5mud<\/strong> - teie igap\u00e4evase harmoonia ja heaolu liitlane. T\u00e4ieliku spektriga kannabinoididega rikastatud \u00f5li aitab s\u00e4ilitada keha loomulikku tasakaalu ja rahu. Iga tilk peegeldab k\u00f5rgeimat kvaliteeti, mis on hoolikalt valmistatud, et muuta teie p\u00e4ev kergemaks ja harmoonilisemaks.<\/p>\n<p>Avastage looduslik lahendus oma heaolule ja hoolitsege enda eest koos <strong>\"Kevadised r\u00f5\u00f5mud\"<\/strong>.<\/p>","protected":false},"featured_media":31452,"comment_status":"open","ping_status":"closed","template":"","meta":{"_acf_changed":false},"product_brand":[425],"product_cat":[77,500,61],"product_tag":[],"class_list":{"0":"post-31432","1":"product","2":"type-product","3":"status-publish","4":"has-post-thumbnail","6":"product_brand-h-drop","7":"product_cat-cbd-aliejai","8":"product_cat-outlet","9":"product_cat-ramybei","11":"first","12":"instock","13":"sale","14":"shipping-taxable","15":"purchasable","16":"product-type-simple"},"acf":[],"tiered_pricing_type":"fixed","tiered_pricing_fixed_rules":[],"tiered_pricing_product_settings":{"layout":"default","base_unit_name":{"singular":null,"plural":null},"default_variation":null},"tiered_pricing_minimum_quantity":null,"tiered_pricing_roles_data":[],"tiered_pricing_percentage_rules":[],"_links":{"self":[{"href":"https:\/\/purama.lt\/ee\/wp-json\/wp\/v2\/product\/31432","targetHints":{"allow":["GET"]}}],"collection":[{"href":"https:\/\/purama.lt\/ee\/wp-json\/wp\/v2\/product"}],"about":[{"href":"https:\/\/purama.lt\/ee\/wp-json\/wp\/v2\/types\/product"}],"replies":[{"embeddable":true,"href":"https:\/\/purama.lt\/ee\/wp-json\/wp\/v2\/comments?post=31432"}],"wp:featuredmedia":[{"embeddable":true,"href":"https:\/\/purama.lt\/ee\/wp-json\/wp\/v2\/media\/31452"}],"wp:attachment":[{"href":"https:\/\/purama.lt\/ee\/wp-json\/wp\/v2\/media?parent=31432"}],"wp:term":[{"taxonomy":"product_brand","embeddable":true,"href":"https:\/\/purama.lt\/ee\/wp-json\/wp\/v2\/product_brand?post=31432"},{"taxonomy":"product_cat","embeddable":true,"href":"https:\/\/purama.lt\/ee\/wp-json\/wp\/v2\/product_cat?post=31432"},{"taxonomy":"product_tag","embeddable":true,"href":"https:\/\/purama.lt\/ee\/wp-json\/wp\/v2\/product_tag?post=31432"}],"curies":[{"name":"wp","href":"https:\/\/api.w.org\/{rel}","templated":true}]}}