{"id":31413,"date":"2025-01-10T19:11:57","date_gmt":"2025-01-10T19:11:57","guid":{"rendered":"https:\/\/purama.lt\/produktas\/canabaid-plataus-spektro-cbd-kanapiu-aliejus-3000mg\/"},"modified":"2026-03-19T16:43:01","modified_gmt":"2026-03-19T14:43:01","slug":"canabaid-laia-spektriga-cbd-kanepioli-3000mg","status":"publish","type":"product","link":"https:\/\/purama.lt\/ee\/produktas\/canabaid-plataus-spektro-cbd-kanapiu-aliejus-3000mg\/","title":{"rendered":"CANABAID laia spektriga CBD kanepi\u00f5li 3000mg"},"content":{"rendered":"<p><strong>Koostisained:<\/strong> Kanepiseemne\u00f5li, laia spektriga kannabidiool (CBD) - 3000mg, looduslikud terpeenid, ei sisalda THC-d.<\/p>","protected":false},"excerpt":{"rendered":"<p><strong>CANABAID<\/strong> Broad Spectrum CBD Hemp Oil 3000mg on ekstra tugev, kvaliteetne kanepi\u00f5li, mis on m\u00f5eldud teie igap\u00e4evase heaolu toetamiseks. Laia spektriga kannabinoidid tagavad tervikliku toime ning CO2 ekstraheerimismeetod tagab naturaalsuse ja t\u00f5hususe.<\/p>\n<p>Ideaalne valik neile, kes otsivad esmaklassilist lahendust heaolu ja loomuliku tasakaalu saavutamiseks.<\/p>","protected":false},"featured_media":31425,"comment_status":"open","ping_status":"closed","template":"","meta":{"_acf_changed":false},"product_brand":[415],"product_cat":[61,77,500],"product_tag":[],"class_list":{"0":"post-31413","1":"product","2":"type-product","3":"status-publish","4":"has-post-thumbnail","6":"product_brand-canabaid","7":"product_cat-ramybei","8":"product_cat-cbd-aliejai","9":"product_cat-outlet","11":"first","12":"instock","13":"sale","14":"shipping-taxable","15":"purchasable","16":"product-type-simple"},"acf":[],"tiered_pricing_type":"fixed","tiered_pricing_fixed_rules":[],"tiered_pricing_product_settings":{"layout":"default","base_unit_name":{"singular":null,"plural":null},"default_variation":null},"tiered_pricing_minimum_quantity":null,"tiered_pricing_roles_data":[],"tiered_pricing_percentage_rules":[],"_links":{"self":[{"href":"https:\/\/purama.lt\/ee\/wp-json\/wp\/v2\/product\/31413","targetHints":{"allow":["GET"]}}],"collection":[{"href":"https:\/\/purama.lt\/ee\/wp-json\/wp\/v2\/product"}],"about":[{"href":"https:\/\/purama.lt\/ee\/wp-json\/wp\/v2\/types\/product"}],"replies":[{"embeddable":true,"href":"https:\/\/purama.lt\/ee\/wp-json\/wp\/v2\/comments?post=31413"}],"wp:featuredmedia":[{"embeddable":true,"href":"https:\/\/purama.lt\/ee\/wp-json\/wp\/v2\/media\/31425"}],"wp:attachment":[{"href":"https:\/\/purama.lt\/ee\/wp-json\/wp\/v2\/media?parent=31413"}],"wp:term":[{"taxonomy":"product_brand","embeddable":true,"href":"https:\/\/purama.lt\/ee\/wp-json\/wp\/v2\/product_brand?post=31413"},{"taxonomy":"product_cat","embeddable":true,"href":"https:\/\/purama.lt\/ee\/wp-json\/wp\/v2\/product_cat?post=31413"},{"taxonomy":"product_tag","embeddable":true,"href":"https:\/\/purama.lt\/ee\/wp-json\/wp\/v2\/product_tag?post=31413"}],"curies":[{"name":"wp","href":"https:\/\/api.w.org\/{rel}","templated":true}]}}