{"id":31368,"date":"2025-01-10T12:09:36","date_gmt":"2025-01-10T12:09:36","guid":{"rendered":"https:\/\/purama.lt\/produktas\/kojines-hands-up-sporcks\/"},"modified":"2026-04-03T10:30:59","modified_gmt":"2026-04-03T08:30:59","slug":"kojines-kaed-pusti-sporcks","status":"publish","type":"product","link":"https:\/\/purama.lt\/ee\/produktas\/kojines-hands-up-sporcks\/","title":{"rendered":"SPORCKS Hands Up spordisokid"},"content":{"rendered":"<p>Kas otsite rohkem? Vaadake t\u00e4ielikku <a href=\"\/ee\/tootesildid\/sporcks\/\">Sporcki sortiment<\/a>.<\/p>","protected":false},"excerpt":{"rendered":"<p><span style=\"font-family: @Arial Unicode MS, serif;\"><span style=\"font-size: medium;\"><span lang=\"en-US\"><strong>SPORCKS Hands Up<\/strong> &#8211; B\u0117gimo kojin\u0117s su didesniu palaikymu kulk\u0161nies ir metatarsalin\u0117se srityse. Jos suteikia vidutin\u012f suspaudimo lyg\u012f, kuris gerina kraujotak\u0105 ir ma\u017eina u\u017edegim\u0105 ilgesni\u0173 b\u0117gim\u0173 metu. Kulno ir pir\u0161t\u0173 zonos pagamintos i\u0161 COOLMAX\u00ae frotinio audinio, kuris suma\u017eina sm\u016bgi\u0173 poveik\u012f, sukuriant didesn\u012f komforto ir kv\u0117pavimo poj\u016bt\u012f. Jos apsaugo nuo p\u016bsli\u0173 susidarymo ir padeda j\u0173 i\u0161vengti.<\/span><\/span><\/span><\/p>\n<p><span style=\"font-family: @Arial Unicode MS, serif;\"><span style=\"font-size: medium;\"><span lang=\"en-US\"><b>OMADUSED:<\/b><\/span><\/span><\/span><\/p>\n<ul>\n<li><span style=\"font-family: @Arial Unicode MS, serif;\"><span style=\"font-size: medium;\"><span lang=\"en-US\">100% valmistatud Hispaanias.<\/span><\/span><\/span><\/li>\n<li><span style=\"font-family: @Arial Unicode MS, serif;\"><span style=\"font-size: medium;\"><span lang=\"en-US\">Koostis: Coolmax\u00ae ja nailon.<\/span><\/span><\/span><\/li>\n<li><span style=\"font-family: @Arial Unicode MS, serif;\"><span style=\"font-size: medium;\"><span lang=\"en-US\">Hingav v\u00f5rk, mis optimeerib naha soojusregulatsiooni.<\/span><\/span><\/span><\/li>\n<li><span style=\"font-family: @Arial Unicode MS, serif;\"><span style=\"font-size: medium;\"><span lang=\"en-US\">Imab t\u00f5husalt niiskust ja kuivab kiiresti.<\/span><\/span><\/span><\/li>\n<li><span style=\"font-family: @Arial Unicode MS, serif;\"><span style=\"font-size: medium;\"><span lang=\"en-US\">Erakordselt pehme puudutus.<\/span><\/span><\/span><\/li>\n<\/ul>\n<p>&nbsp;<\/p>","protected":false},"featured_media":31380,"comment_status":"open","ping_status":"closed","template":"","meta":{"_acf_changed":false},"product_brand":[246],"product_cat":[98,57,102],"product_tag":[],"class_list":{"0":"post-31368","1":"product","2":"type-product","3":"status-publish","4":"has-post-thumbnail","6":"product_brand-sporcks","7":"product_cat-sportui","8":"product_cat-akcijos","9":"product_cat-kojines","11":"first","12":"instock","13":"sale","14":"shipping-taxable","15":"purchasable","16":"product-type-variable"},"acf":[],"tiered_pricing_type":"fixed","tiered_pricing_fixed_rules":[],"tiered_pricing_product_settings":{"layout":"default","base_unit_name":{"singular":null,"plural":null},"default_variation":null},"tiered_pricing_minimum_quantity":null,"tiered_pricing_roles_data":[],"tiered_pricing_percentage_rules":[],"_links":{"self":[{"href":"https:\/\/purama.lt\/ee\/wp-json\/wp\/v2\/product\/31368","targetHints":{"allow":["GET"]}}],"collection":[{"href":"https:\/\/purama.lt\/ee\/wp-json\/wp\/v2\/product"}],"about":[{"href":"https:\/\/purama.lt\/ee\/wp-json\/wp\/v2\/types\/product"}],"replies":[{"embeddable":true,"href":"https:\/\/purama.lt\/ee\/wp-json\/wp\/v2\/comments?post=31368"}],"wp:featuredmedia":[{"embeddable":true,"href":"https:\/\/purama.lt\/ee\/wp-json\/wp\/v2\/media\/31380"}],"wp:attachment":[{"href":"https:\/\/purama.lt\/ee\/wp-json\/wp\/v2\/media?parent=31368"}],"wp:term":[{"taxonomy":"product_brand","embeddable":true,"href":"https:\/\/purama.lt\/ee\/wp-json\/wp\/v2\/product_brand?post=31368"},{"taxonomy":"product_cat","embeddable":true,"href":"https:\/\/purama.lt\/ee\/wp-json\/wp\/v2\/product_cat?post=31368"},{"taxonomy":"product_tag","embeddable":true,"href":"https:\/\/purama.lt\/ee\/wp-json\/wp\/v2\/product_tag?post=31368"}],"curies":[{"name":"wp","href":"https:\/\/api.w.org\/{rel}","templated":true}]}}