{"id":31367,"date":"2025-01-10T12:09:36","date_gmt":"2025-01-10T12:09:36","guid":{"rendered":"https:\/\/purama.lt\/produktas\/kojines-keep-going-yellow-sporcks-2\/"},"modified":"2026-04-28T19:30:20","modified_gmt":"2026-04-28T17:30:20","slug":"kojines-keep-going-yellow-sporcks-2","status":"publish","type":"product","link":"https:\/\/purama.lt\/ee\/produktas\/kojines-keep-going-yellow-sporcks-2\/","title":{"rendered":"SPORCKS Keep Going Kollased spordisokid"},"content":{"rendered":"<p>Kas otsite rohkem? Vaadake t\u00e4ielikku <a href=\"\/ee\/tootesildid\/sporcks\/\">Sporcki sortiment<\/a>.<\/p>","protected":false},"excerpt":{"rendered":"<p><span style=\"font-family: @Arial Unicode MS, serif;\"><span style=\"font-size: medium;\"><span lang=\"en-US\"><strong>SPORCKS Keep Going Yellow<\/strong> \u2013 Jooksusokid suurema toestusega pahkluu- ja p\u00f6iapiirkonnas. Need pakuvad keskmist kompressiooni, mis parandab vereringet ja v\u00e4hendab p\u00f5letikku pikemate jooksude ajal. Kandade ja varvaste piirkonnad on valmistatud COOLMAX\u00ae fliisist, mis v\u00e4hendab l\u00f6\u00f6kide m\u00f5ju ning pakub suuremat mugavust ja hingavust. Samuti aitavad need v\u00e4ltida villide teket.<\/span><\/span><\/span><\/p>\n<p><span style=\"font-family: @Arial Unicode MS, serif;\"><span style=\"font-size: medium;\"><span lang=\"en-US\"><b>OMADUSED:<\/b><\/span><\/span><\/span><\/p>\n<ul>\n<li><span style=\"font-family: @Arial Unicode MS, serif;\"><span style=\"font-size: medium;\"><span lang=\"en-US\">100% valmistatud Hispaanias.<\/span><\/span><\/span><\/li>\n<li><span style=\"font-family: @Arial Unicode MS, serif;\"><span style=\"font-size: medium;\"><span lang=\"en-US\">Koostis: Coolmax\u00ae ja nailon.<\/span><\/span><\/span><\/li>\n<li><span style=\"font-family: @Arial Unicode MS, serif;\"><span style=\"font-size: medium;\"><span lang=\"en-US\">Hingav v\u00f5rk, mis optimeerib naha soojusregulatsiooni.<\/span><\/span><\/span><\/li>\n<li><span style=\"font-family: @Arial Unicode MS, serif;\"><span style=\"font-size: medium;\"><span lang=\"en-US\">Imab t\u00f5husalt niiskust ja kuivab kiiresti.<\/span><\/span><\/span><\/li>\n<li><span style=\"font-family: @Arial Unicode MS, serif;\"><span style=\"font-size: medium;\"><span lang=\"en-US\">Erakordselt pehme puudutus.<\/span><\/span><\/span><\/li>\n<\/ul>\n<p>&nbsp;<\/p>","protected":false},"featured_media":31385,"comment_status":"open","ping_status":"closed","template":"","meta":{"_acf_changed":false},"product_brand":[246],"product_cat":[98,57,102],"product_tag":[],"class_list":{"0":"post-31367","1":"product","2":"type-product","3":"status-publish","4":"has-post-thumbnail","6":"product_brand-sporcks","7":"product_cat-sportui","8":"product_cat-akcijos","9":"product_cat-kojines","11":"first","12":"instock","13":"sale","14":"shipping-taxable","15":"purchasable","16":"product-type-variable"},"acf":[],"tiered_pricing_type":"fixed","tiered_pricing_fixed_rules":[],"tiered_pricing_product_settings":{"layout":"default","base_unit_name":{"singular":null,"plural":null},"default_variation":null},"tiered_pricing_minimum_quantity":null,"tiered_pricing_roles_data":[],"tiered_pricing_percentage_rules":[],"_links":{"self":[{"href":"https:\/\/purama.lt\/ee\/wp-json\/wp\/v2\/product\/31367","targetHints":{"allow":["GET"]}}],"collection":[{"href":"https:\/\/purama.lt\/ee\/wp-json\/wp\/v2\/product"}],"about":[{"href":"https:\/\/purama.lt\/ee\/wp-json\/wp\/v2\/types\/product"}],"replies":[{"embeddable":true,"href":"https:\/\/purama.lt\/ee\/wp-json\/wp\/v2\/comments?post=31367"}],"wp:featuredmedia":[{"embeddable":true,"href":"https:\/\/purama.lt\/ee\/wp-json\/wp\/v2\/media\/31385"}],"wp:attachment":[{"href":"https:\/\/purama.lt\/ee\/wp-json\/wp\/v2\/media?parent=31367"}],"wp:term":[{"taxonomy":"product_brand","embeddable":true,"href":"https:\/\/purama.lt\/ee\/wp-json\/wp\/v2\/product_brand?post=31367"},{"taxonomy":"product_cat","embeddable":true,"href":"https:\/\/purama.lt\/ee\/wp-json\/wp\/v2\/product_cat?post=31367"},{"taxonomy":"product_tag","embeddable":true,"href":"https:\/\/purama.lt\/ee\/wp-json\/wp\/v2\/product_tag?post=31367"}],"curies":[{"name":"wp","href":"https:\/\/api.w.org\/{rel}","templated":true}]}}