{"id":46628,"date":"2026-03-10T14:20:01","date_gmt":"2026-03-10T12:20:01","guid":{"rendered":"https:\/\/purama.lt\/?page_id=46628"},"modified":"2026-04-08T15:48:29","modified_gmt":"2026-04-08T13:48:29","slug":"kaupade-tarnimine","status":"publish","type":"page","link":"https:\/\/purama.lt\/ee\/prekiu-pristatymas\/","title":{"rendered":"Kaupade tarnimine"},"content":{"rendered":"<p>Me tarnime Leetu, L\u00e4tti, Eestisse, Soome ja teistesse Euroopa riikidesse. Tavalised tarneajad on n\u00e4idatud allpool, kuid kui toote lehel on esitatud muu teave, kehtib toote lehel n\u00e4idatud t\u00e4htaeg.<\/p>\n\n\n\n<p>T\u00e4pne kohaletoimetamise hind ja saadaval olevad tarneviisid on alati esitatud ostu sooritamise ajal vastavalt valitud riigile ja aadressile.<\/p>\n\n\n\n<h2 class=\"wp-block-heading\">Leedu<\/h2>\n\n\n\n<p><strong>Tarneaeg:<\/strong> 1-2 t\u00f6\u00f6p\u00e4eva, kui toote lehel ei ole m\u00e4rgitud teisiti.<\/p>\n\n\n\n<ul class=\"wp-block-list\">\n<li><strong>LP Express postkontor<\/strong> - 1,99 \u20ac | tasuta alates 30 \u20ac<\/li>\n\n\n\n<li><strong>LP Express kuller<\/strong> - 3,49 \u20ac | tasuta alates 30 \u20ac<\/li>\n\n\n\n<li><strong>Venipaki postkontor<\/strong> - 2,49 \u20ac | tasuta alates 35 \u20ac<\/li>\n\n\n\n<li><strong>Venipak kuller<\/strong> - 3,49 \u20ac | tasuta alates 35 \u20ac<\/li>\n\n\n\n<li><strong>Omniva postkontor<\/strong> \u2013 3,49 \u20ac | tasuta alates 70 \u20ac<\/li>\n\n\n\n<li><strong>Omniva kuller<\/strong> - 4,99 \u20ac | tasuta alates 50 \u20ac<\/li>\n\n\n\n<li><strong>SmartPosti postkontor<\/strong> - 2,99 \u20ac | tasuta alates 50 \u20ac<\/li>\n<\/ul>\n\n\n\n<h2 class=\"wp-block-heading\">L\u00e4ti<\/h2>\n\n\n\n<p><strong>Tarneaeg:<\/strong> 2-3 t\u00f6\u00f6p\u00e4eva, kui toote lehel ei ole m\u00e4rgitud teisiti.<\/p>\n\n\n\n<ul class=\"wp-block-list\">\n<li><strong>Venipak pakendid<\/strong> - 2,99 \u20ac | tasuta alates 30 \u20ac<\/li>\n\n\n\n<li><strong>Unisend pacomates<\/strong> - 2,99 \u20ac | tasuta alates 30 \u20ac<\/li>\n\n\n\n<li><strong>Omniva pacomats<\/strong> \u2013 3,99 \u20ac | tasuta alates 70 \u20ac<\/li>\n\n\n\n<li><strong>Venipak kuller<\/strong> - 5,99 \u20ac | tasuta alates 39 \u20ac<\/li>\n\n\n\n<li><strong>SmartPosti pacomats<\/strong> - 4,99 \u20ac | tasuta alates 50 \u20ac<\/li>\n<\/ul>\n\n\n\n<h2 class=\"wp-block-heading\">Eesti<\/h2>\n\n\n\n<p><strong>Tarneaeg:<\/strong> 2-3 t\u00f6\u00f6p\u00e4eva, kui toote lehel ei ole m\u00e4rgitud teisiti.<\/p>\n\n\n\n<ul class=\"wp-block-list\">\n<li><strong>Venipak pakett<\/strong> - 3,99 \u20ac | tasuta alates 30 \u20ac<\/li>\n\n\n\n<li><strong>Unisend pakiautomaat<\/strong> - 2,99 \u20ac | tasuta alates 30 \u20ac<\/li>\n\n\n\n<li><strong>Omniva pakett<\/strong> \u2013 3,99 \u20ac | tasuta alates 70 \u20ac<\/li>\n\n\n\n<li><strong>Venipak kuller<\/strong> - 7,99 \u20ac | tasuta alates 39 \u20ac<\/li>\n\n\n\n<li><strong>SmartPosti pakett<\/strong> - 4,99 \u20ac | tasuta alates 50 \u20ac<\/li>\n<\/ul>\n\n\n\n<h2 class=\"wp-block-heading\">Soome<\/h2>\n\n\n\n<p><strong>Tarneaeg:<\/strong> 3-4 t\u00f6\u00f6p\u00e4eva, kui toote lehel ei ole m\u00e4rgitud teisiti.<\/p>\n\n\n\n<ul class=\"wp-block-list\">\n<li><strong>Posti pakettiautomaatti<\/strong> - 9,99 \u20ac | tasuta alates 50 \u20ac<\/li>\n<\/ul>\n\n\n\n<h2 class=\"wp-block-heading\">Muud Euroopa riigid<\/h2>\n\n\n\n<p>Saadame valitud Euroopa riikidesse kulleriga.<\/p>\n\n\n\n<p><strong>Tarneaeg:<\/strong> kuni 7 t\u00f6\u00f6p\u00e4eva.<\/p>\n\n\n\n<p><strong>Tarnekulud:<\/strong> 19,99 \u20ac<\/p>\n\n\n\n<p>See tarneviis kehtib valitud Euroopa riikides vastavalt tarnepiirkonnale. T\u00e4pne tarnev\u00f5imalus kuvatakse alati ostu-m\u00fc\u00fcgi ajal vastavalt sisestatud riigile ja aadressile.<\/p>\n\n\n\n<h2 class=\"wp-block-heading\">Oluline teave<\/h2>\n\n\n\n<ul class=\"wp-block-list\">\n<li>Kui toote lehel on m\u00e4rgitud teistsugune tarnekuup\u00e4ev, kehtib see kuup\u00e4ev.<\/li>\n\n\n\n<li>Tellimuse ettevalmistamise ja kohaletoimetamise aeg v\u00f5ib m\u00fc\u00fcgiperioodil, p\u00fchade ajal v\u00f5i vedajate \u00fclekoormuse t\u00f5ttu erineda.<\/li>\n\n\n\n<li>T\u00e4pne l\u00f5plik tarnehind on alati n\u00e4htav kassas enne maksmist.<\/li>\n\n\n\n<li>Kui teil on k\u00fcsimusi tarne kohta, v\u00f5tke meiega \u00fchendust meie kontaktlehe kaudu.<\/li>\n<\/ul>","protected":false},"excerpt":{"rendered":"<p>Pristatome \u012f Lietuv\u0105, Latvij\u0105, Estij\u0105, Suomij\u0105 ir kitas Europos \u0161alis. \u012eprasti pristatymo terminai nurodyti \u017eemiau, ta\u010diau jei produkto puslapyje pateikta kita informacija, taikomas b\u016btent produkto puslapyje nurodytas terminas. Tiksli pristatymo kaina ir galimi pristatymo b\u016bdai visada pateikiami atsiskaitymo metu pagal pasirinkt\u0105 \u0161al\u012f ir adres\u0105. Lietuva Pristatymo terminas: 1\u20132 darbo dienos, jei produkto puslapyje nenurodyta kitaip. [&hellip;]<\/p>\n","protected":false},"author":38,"featured_media":0,"parent":0,"menu_order":0,"comment_status":"closed","ping_status":"closed","template":"template-fullwidth.php","meta":{"_acf_changed":false,"footnotes":""},"class_list":["post-46628","page","type-page","status-publish","hentry"],"acf":[],"_links":{"self":[{"href":"https:\/\/purama.lt\/ee\/wp-json\/wp\/v2\/pages\/46628","targetHints":{"allow":["GET"]}}],"collection":[{"href":"https:\/\/purama.lt\/ee\/wp-json\/wp\/v2\/pages"}],"about":[{"href":"https:\/\/purama.lt\/ee\/wp-json\/wp\/v2\/types\/page"}],"author":[{"embeddable":true,"href":"https:\/\/purama.lt\/ee\/wp-json\/wp\/v2\/users\/38"}],"replies":[{"embeddable":true,"href":"https:\/\/purama.lt\/ee\/wp-json\/wp\/v2\/comments?post=46628"}],"version-history":[{"count":0,"href":"https:\/\/purama.lt\/ee\/wp-json\/wp\/v2\/pages\/46628\/revisions"}],"wp:attachment":[{"href":"https:\/\/purama.lt\/ee\/wp-json\/wp\/v2\/media?parent=46628"}],"curies":[{"name":"wp","href":"https:\/\/api.w.org\/{rel}","templated":true}]}}