{"id":11,"date":"2024-11-23T16:59:24","date_gmt":"2024-11-23T16:59:24","guid":{"rendered":"https:\/\/purama.lt\/?page_id=11"},"modified":"2026-03-16T14:35:31","modified_gmt":"2026-03-16T12:35:31","slug":"eeskirjad","status":"publish","type":"page","link":"https:\/\/purama.lt\/ee\/taisykles\/","title":{"rendered":"Ostueeskirjad"},"content":{"rendered":"<div data-elementor-type=\"wp-page\" data-elementor-id=\"11\" class=\"elementor elementor-11\" data-elementor-post-type=\"page\">\n\t\t\t\t<div class=\"elementor-element elementor-element-9b164ed e-flex e-con-boxed e-con e-parent\" data-id=\"9b164ed\" data-element_type=\"container\" data-e-type=\"container\">\n\t\t\t\t\t<div class=\"e-con-inner\">\n\t\t\t\t<div class=\"elementor-element elementor-element-2a4ce87 elementor-widget elementor-widget-heading\" data-id=\"2a4ce87\" data-element_type=\"widget\" data-e-type=\"widget\" data-widget_type=\"heading.default\">\n\t\t\t\t\t<h1 class=\"elementor-heading-title elementor-size-default\">Ostueeskirjad<\/h1>\t\t\t\t<\/div>\n\t\t\t\t\t<\/div>\n\t\t\t\t<\/div>\n\t\t<div class=\"elementor-element elementor-element-3cbe9fc5 e-flex e-con-boxed e-con e-parent\" data-id=\"3cbe9fc5\" data-element_type=\"container\" data-e-type=\"container\">\n\t\t\t\t\t<div class=\"e-con-inner\">\n\t\t\t\t<div class=\"elementor-element elementor-element-76f6ceb7 elementor-widget elementor-widget-text-editor\" data-id=\"76f6ceb7\" data-element_type=\"widget\" data-e-type=\"widget\" data-widget_type=\"text-editor.default\">\n\t\t\t\t\t\t\t\t\t<p><strong>Viimati uuendatud:<\/strong> 2025-03-13<\/p>\n<p><!-- \/wp:paragraph --><!-- wp:heading --><\/p>\n<h2 class=\"wp-block-heading\">1. \u00dclds\u00e4tted ja m\u00fc\u00fcja<\/h2>\n<p><!-- \/wp:heading --><!-- wp:paragraph --><\/p>\n<p><strong>Ostueeskirjad<\/strong> s\u00e4testatakse Purama e-poe ostu-, makse- ja tagasisaatmismenetlused.<\/p>\n<p><strong>M\u00fc\u00fcja ja kauba tarnija:<\/strong><\/p>\n<p><!-- \/wp:paragraph --><!-- wp:list --><\/p>\n<ul class=\"wp-block-list\">\n<li style=\"list-style-type: none;\">\n<ul class=\"wp-block-list\"><!-- wp:list-item --><\/ul>\n<\/li>\n<\/ul>\n<p><strong>UAB \"\u017dalias la\u0161as\"<\/strong><\/p>\n<p><!-- \/wp:list-item --><!-- wp:list-item --><\/p>\n<p>Ettev\u00f5tte kood: 305855084<br \/>K\u00e4ibemaksukood: LT100014337119<br \/>Registreerimise aadress: \u0160altini\u0173 g. 5-12, Vilnius<br \/><strong>Ettev\u00f5tte aadress (ladu):<\/strong> Juozapavi\u010diaus g. 6A, Vilnius<\/p>\n<p><!-- \/wp:list-item --><!-- wp:list-item --><\/p>\n<p><!-- \/wp:list-item --><!-- wp:list-item --><\/p>\n<p><!-- \/wp:list-item --><!-- wp:list-item --><\/p>\n<p><!-- \/wp:list-item --><\/p>\n<p><!-- \/wp:list --><!-- wp:heading --><\/p>\n<h2 class=\"wp-block-heading\">2. Tellimine ja kohaletoimetamine<\/h2>\n<p><!-- \/wp:heading --><!-- wp:paragraph --><\/p>\n<p data-path-to-node=\"1\"><b data-path-to-node=\"1\" data-index-in-node=\"0\">Teave tarnimise kohta<\/b><\/p>\n<p data-path-to-node=\"2,0,0\"><b data-path-to-node=\"2,0,0\" data-index-in-node=\"0\">Tarneaeg:<\/b><\/p>\n<p><b data-path-to-node=\"2,0,1,0,0\" data-index-in-node=\"0\">Leedu:<\/b> 1-2 t\u00f6\u00f6p\u00e4eva.<br \/><b data-path-to-node=\"2,0,1,1,0\" data-index-in-node=\"0\">L\u00e4ti ja Eesti:<\/b> 2-3 t\u00f6\u00f6p\u00e4eva.<br \/><b data-path-to-node=\"2,0,1,2,0\" data-index-in-node=\"0\">Soome:<\/b> 3-4 t\u00f6\u00f6p\u00e4eva.<\/p>\n<p><span data-path-to-node=\"2,1,0\" data-index-in-node=\"0\"><b>Tasuta kohaletoimetamine:<\/b><\/span><\/p>\n<p><b data-path-to-node=\"2,1,1,0,0\" data-index-in-node=\"0\">Leedu:<\/b> alates 30 eurost (LP Express), muidu alates 35 v\u00f5i 50 eurost.<br \/><b data-path-to-node=\"2,1,1,1,0\" data-index-in-node=\"0\">L\u00e4ti ja Eesti:<\/b> alates 30 eurost (Venipak\/Unisend), muidu alates 39 v\u00f5i 50 eurost.<br \/><b data-path-to-node=\"2,1,1,2,0\" data-index-in-node=\"0\">Soome:<\/b> alates 50 \u20ac (postkontorid).<br \/><b data-path-to-node=\"2,2,0\" data-index-in-node=\"0\"><\/b><\/p>\n<p><b data-path-to-node=\"2,2,0\" data-index-in-node=\"0\">Tarneviisid:<\/b> LP Express, Venipak, Omniva, SmartPost, Unisend ja Posti (kulleriga v\u00f5i postkontoritesse).<br \/><b data-path-to-node=\"2,3,0\" data-index-in-node=\"0\">Hind:<\/b> T\u00e4pne hind arvutatakse ostukorvis p\u00e4rast riigi ja tarneviisi valimist.<\/p>\n<p data-path-to-node=\"3\">Lisateavet hindade ja meetodite kohta leiate siit: <a class=\"ng-star-inserted\" href=\"https:\/\/purama.lt\/ee\/kaupade-tarnimine\/\" target=\"_blank\" rel=\"noopener\" data-hveid=\"0\" data-ved=\"0CAAQ_4QMahcKEwjZxPmjt5yTAxUAAAAAHQAAAAAQTg\">Kaupade tarnimine<\/a><\/p>\n<ul class=\"wp-block-list\"><!-- \/wp:list-item --><\/ul>\n<h2 data-path-to-node=\"17\">3. Tellimine ja maksmine<\/h2>\n<p data-path-to-node=\"18\">Me tahame teha ostud v\u00f5imalikult lihtsaks. Kui olete oma tellimuse esitanud, saate kinnitava e-kirja.<\/p>\n<h3 data-path-to-node=\"19\">3.1. Makseviisid<\/h3>\n<p data-path-to-node=\"20\">Saate oma kaupade eest tasuda j\u00e4rgmiste turvaliste meetoditega:<\/p>\n<p data-path-to-node=\"21,0,0\"><b data-path-to-node=\"21,0,0\" data-index-in-node=\"0\">Elektrooniline pangandus<\/b> (K\u00f5ik pangad riigis, Revolut, maksed, mida haldab Montonio).<br \/><b data-path-to-node=\"21,1,0\" data-index-in-node=\"0\">Panga\u00fclekanne<\/b> (eelneva arve alusel).<br \/><strong>Pangakaart<\/strong> (VIISA, MASTERCARD)<br \/><strong>Google pay \/ Apple pay<\/strong><\/p>\n<p><!-- \/wp:list --><!-- wp:heading --><\/p>\n<h2 class=\"wp-block-heading\">4. Tagastamispoliitika (14-p\u00e4evane garantii)<\/h2>\n<p><!-- \/wp:heading --><!-- wp:paragraph --><\/p>\n<p>Ostjal on \u00f5igus ostulepingust taganeda j\u00e4rgmise t\u00e4htaja jooksul <strong>14 p\u00e4eva<\/strong> kauba k\u00e4ttesaamisel j\u00e4rgmistel tingimustel:<\/p>\n<p><!-- \/wp:paragraph --><!-- wp:heading {\"level\":3} --><\/p>\n<h3 class=\"wp-block-heading\">4.1. Toidulisandid ja kosmeetikatooted<\/h3>\n<p><!-- \/wp:heading --><!-- wp:paragraph --><\/p>\n<p>Tervishoiu- ja h\u00fcgieenilistel p\u00f5hjustel, <strong>toidulisandid<\/strong> ja <strong>kosmeetikatooted<\/strong> saab tagasi maksta <strong>TIC<\/strong> kui:<\/p>\n<p><!-- \/wp:paragraph --><!-- wp:list {\"ordered\":true,\"start\":1} --><\/p>\n<ol class=\"wp-block-list\" start=\"1\">\n<li style=\"list-style-type: none;\">\n<ol class=\"wp-block-list\" start=\"1\"><!-- wp:list-item --><\/ol>\n<\/li>\n<\/ol>\n<ol class=\"wp-block-list\" start=\"1\">\n<li style=\"list-style-type: none;\">\n<ol class=\"wp-block-list\" start=\"1\">\n<li>Pakend on t\u00e4ielik <strong>terved ja avamata<\/strong> (kaitsekile ei ole eemaldatud).<\/li>\n<\/ol>\n<\/li>\n<\/ol>\n<p><!-- \/wp:list-item --><!-- wp:list-item --><\/p>\n<ol class=\"wp-block-list\" start=\"1\">\n<li style=\"list-style-type: none;\">\n<ol class=\"wp-block-list\" start=\"1\">\n<li>Toodet ei ole kasutatud ega testitud.<\/li>\n<\/ol>\n<\/li>\n<\/ol>\n<p><!-- \/wp:list-item --><\/p>\n<p><!-- \/wp:list --><!-- wp:heading {\"level\":3} --><\/p>\n<h3 class=\"wp-block-heading\">4.2. Elektroonilised seadmed<\/h3>\n<p><!-- \/wp:heading --><!-- wp:paragraph --><\/p>\n<p>Vastupidavaid seadmeid (nt mass\u00f6\u00f6rid, m\u00f5\u00f5tjad, muud elektroonilised seadmed) v\u00f5ib tagastada, kui neid ei ole kasutatud, need on originaalpakendis ja ei ole kaotanud oma algset v\u00e4limust.<\/p>\n<p><!-- \/wp:paragraph --><!-- wp:heading {\"level\":3} --><\/p>\n<h3 class=\"wp-block-heading\">4.3. Tagasisaatmismenetlus<\/h3>\n<p><!-- \/wp:heading --><!-- wp:paragraph --><\/p>\n<p>Toote tagastamine:<\/p>\n<p><!-- \/wp:paragraph --><!-- wp:list {\"ordered\":true,\"start\":1} --><\/p>\n<ol class=\"wp-block-list\" start=\"1\">\n<li style=\"list-style-type: none;\">\n<ol class=\"wp-block-list\" start=\"1\"><!-- wp:list-item --><\/ol>\n<\/li>\n<\/ol>\n<ol class=\"wp-block-list\" start=\"1\">\n<li style=\"list-style-type: none;\">\n<ol class=\"wp-block-list\" start=\"1\">\n<li>Saada meile e-kiri <strong>info@purama.lt<\/strong>, m\u00e4rkides oma tellimuse numbri.<\/li>\n<\/ol>\n<\/li>\n<\/ol>\n<p><!-- \/wp:list-item --><!-- wp:list-item --><\/p>\n<ol class=\"wp-block-list\" start=\"1\">\n<li style=\"list-style-type: none;\">\n<ol class=\"wp-block-list\" start=\"1\">\n<li>Pakendage oma kaubad kindlalt.<\/li>\n<\/ol>\n<\/li>\n<\/ol>\n<p><!-- \/wp:list-item --><!-- wp:list-item --><\/p>\n<ol class=\"wp-block-list\" start=\"1\">\n<li style=\"list-style-type: none;\">\n<ol class=\"wp-block-list\" start=\"1\">\n<li>Saatke need aadressil: <strong>UAB \u201e\u017dalias la\u0161as\u201c, Juozapavi\u010diaus g. 6A, LT-09310 Vilnius<\/strong>.<\/li>\n<\/ol>\n<\/li>\n<\/ol>\n<p><!-- \/wp:list-item --><\/p>\n<p><!-- \/wp:list --><!-- wp:paragraph --><\/p>\n<p><em>M\u00e4rkus: Kvaliteetsete kaupade tagastamise kulud kannab ostja. <\/em><\/p>\n<p><!-- \/wp:paragraph --><!-- wp:heading --><\/p>\n<h2 class=\"wp-block-heading\">5. Vastutus ja kvaliteet<\/h2>\n<p><!-- \/wp:heading --><!-- wp:paragraph --><\/p>\n<p>K\u00f5ik Purama poolt m\u00fc\u00fcdavad tooted on originaaltooted, mis on hangitud otse tootjatelt ning vastavad ELi ja Leedu \u00f5igusaktidele. Kui olete saanud vigase v\u00f5i kahjustatud toote, v\u00f5tke meiega viivitamatult \u00fchendust, et saada tasuta asendus v\u00f5i raha tagasi.<\/p>\n<p><!-- \/wp:paragraph --><!-- wp:paragraph --><\/p>\n<p><strong>Elektroonilistele kaupadele kehtib seaduslik 2-aastane garantii (vastavalt Leedu Vabariigi tsiviilkoodeksile, ELi \u00f5igusele).<\/strong> <br \/><strong>Garantii on kehtetu:<\/strong> Kui rikke p\u00f5hjuseks on mehaanilised kahjustused (nt kui seade on maha kukkunud), kokkupuude niiskusega v\u00f5i kasutamine ilma juhiseid j\u00e4rgimata. <br \/><b data-path-to-node=\"3,1,0\" data-index-in-node=\"0\">Loomulik amortisatsioon:<\/b> Aku v\u00f5i muude seadme kuluvate osade mahutavuse v\u00e4henemist suure kasutuse t\u00f5ttu ei loeta tootmisveaks.<\/p>\n<p><!-- \/wp:paragraph --><!-- wp:heading --><\/p>\n<h2 class=\"wp-block-heading\">6. Vaidluste lahendamine<\/h2>\n<p><!-- \/wp:heading --><!-- wp:paragraph --><\/p>\n<p>K\u00f5ik erimeelsused lahendatakse l\u00e4bir\u00e4\u00e4kimiste teel. Kui kokkulepet ei saavutata, on ostjal \u00f5igus p\u00f6\u00f6rduda riikliku tarbijakaitseameti poole. <a href=\"https:\/\/vvtat.lrv.lt\/lt\/\" target=\"_blank\" rel=\"noreferrer noopener\" data-type=\"link\" data-id=\"https:\/\/vvtat.lrv.lt\/lt\/\">VVTAT<\/a>\u00a0v\u00f5i kasutada Euroopa Liidu elektroonilist vaidluste lahendamise s\u00fcsteemi. <a href=\"https:\/\/consumer-redress.ec.europa.eu\/index_en\" target=\"_blank\" rel=\"noreferrer noopener\" data-type=\"link\" data-id=\"https:\/\/consumer-redress.ec.europa.eu\/index_en\">EM\u00dc platvorm<\/a>.<\/p>\n<p><!-- \/wp:paragraph --><\/p>\t\t\t\t\t\t\t\t<\/div>\n\t\t\t\t<div class=\"elementor-element elementor-element-470349c elementor-widget elementor-widget-heading\" data-id=\"470349c\" data-element_type=\"widget\" data-e-type=\"widget\" data-widget_type=\"heading.default\">\n\t\t\t\t\t<h3 class=\"elementor-heading-title elementor-size-default\">KKK ostmise ja tagastamise kohta<\/h3>\t\t\t\t<\/div>\n\t\t\t\t\t<\/div>\n\t\t\t\t<\/div>\n\t\t<div class=\"elementor-element elementor-element-3da639d e-flex e-con-boxed e-con e-parent\" data-id=\"3da639d\" data-element_type=\"container\" data-e-type=\"container\">\n\t\t\t\t\t<div class=\"e-con-inner\">\n\t\t\t\t<div class=\"elementor-element elementor-element-ea87118 elementor-widget elementor-widget-n-accordion\" data-id=\"ea87118\" data-element_type=\"widget\" data-e-type=\"widget\" data-settings=\"{&quot;default_state&quot;:&quot;expanded&quot;,&quot;max_items_expended&quot;:&quot;one&quot;,&quot;n_accordion_animation_duration&quot;:{&quot;unit&quot;:&quot;ms&quot;,&quot;size&quot;:400,&quot;sizes&quot;:[]}}\" data-widget_type=\"nested-accordion.default\">\n\t\t\t\t\t\t\t<div class=\"e-n-accordion\" aria-label=\"Akordion. Avage lingid Enteri v\u00f5i t\u00fchikuga, sulgege Escape&#039;iga ja navigeerige nooleklahvidega.\">\n\t\t\t\t\t\t<details id=\"e-n-accordion-item-2450\" class=\"e-n-accordion-item\" open>\n\t\t\t\t<summary class=\"e-n-accordion-item-title\" data-accordion-index=\"1\" tabindex=\"0\" aria-expanded=\"true\" aria-controls=\"e-n-accordion-item-2450\" >\n\t\t\t\t\t<span class='e-n-accordion-item-title-header'><div class=\"e-n-accordion-item-title-text\"> Kui kaua v\u00f5tab tarne aega? <\/div><\/span>\n\t\t\t\t\t\t\t<span class='e-n-accordion-item-title-icon'>\n\t\t\t<span class='e-opened' ><svg aria-hidden=\"true\" class=\"e-font-icon-svg e-fas-minus\" viewbox=\"0 0 448 512\" xmlns=\"http:\/\/www.w3.org\/2000\/svg\"><path d=\"M416 208H32c-17.67 0-32 14.33-32 32v32c0 17.67 14.33 32 32 32h384c17.67 0 32-14.33 32-32v-32c0-17.67-14.33-32-32-32z\"><\/path><\/svg><\/span>\n\t\t\t<span class='e-closed'><svg aria-hidden=\"true\" class=\"e-font-icon-svg e-fas-plus\" viewbox=\"0 0 448 512\" xmlns=\"http:\/\/www.w3.org\/2000\/svg\"><path d=\"M416 208H272V64c0-17.67-14.33-32-32-32h-32c-17.67 0-32 14.33-32 32v144H32c-17.67 0-32 14.33-32 32v32c0 17.67 14.33 32 32 32h144v144c0 17.67 14.33 32 32 32h32c17.67 0 32-14.33 32-32V304h144c17.67 0 32-14.33 32-32v-32c0-17.67-14.33-32-32-32z\"><\/path><\/svg><\/span>\n\t\t<\/span>\n\n\t\t\t\t\t\t<\/summary>\n\t\t\t\t<div role=\"region\" aria-labelledby=\"e-n-accordion-item-2450\" class=\"elementor-element elementor-element-beee88d e-con-full e-flex e-con e-child\" data-id=\"beee88d\" data-element_type=\"container\" data-e-type=\"container\">\n\t\t\t\t<div class=\"elementor-element elementor-element-7079c06 elementor-widget elementor-widget-text-editor\" data-id=\"7079c06\" data-element_type=\"widget\" data-e-type=\"widget\" data-widget_type=\"text-editor.default\">\n\t\t\t\t\t\t\t\t\t<p>Leedus toimetame teie kauba kohale <b data-path-to-node=\"2\" data-index-in-node=\"33\">1-2 t\u00f6\u00f6p\u00e4eva<\/b>, L\u00e4ti ja Eesti - \u00fcle <b data-path-to-node=\"2\" data-index-in-node=\"79\">2-3 t\u00f6\u00f6p\u00e4eva<\/b>, samas kui Soomes v\u00f5tab tarne aega <b data-path-to-node=\"2\" data-index-in-node=\"130\">3-4 t\u00f6\u00f6p\u00e4eva<\/b>.<\/p>\t\t\t\t\t\t\t\t<\/div>\n\t\t\t\t<\/div>\n\t\t\t\t\t<\/details>\n\t\t\t\t\t\t<details id=\"e-n-accordion-item-2451\" class=\"e-n-accordion-item\" >\n\t\t\t\t<summary class=\"e-n-accordion-item-title\" data-accordion-index=\"2\" tabindex=\"-1\" aria-expanded=\"false\" aria-controls=\"e-n-accordion-item-2451\" >\n\t\t\t\t\t<span class='e-n-accordion-item-title-header'><div class=\"e-n-accordion-item-title-text\"> Kui palju maksab kohaletoimetamine? <\/div><\/span>\n\t\t\t\t\t\t\t<span class='e-n-accordion-item-title-icon'>\n\t\t\t<span class='e-opened' ><svg aria-hidden=\"true\" class=\"e-font-icon-svg e-fas-minus\" viewbox=\"0 0 448 512\" xmlns=\"http:\/\/www.w3.org\/2000\/svg\"><path d=\"M416 208H32c-17.67 0-32 14.33-32 32v32c0 17.67 14.33 32 32 32h384c17.67 0 32-14.33 32-32v-32c0-17.67-14.33-32-32-32z\"><\/path><\/svg><\/span>\n\t\t\t<span class='e-closed'><svg aria-hidden=\"true\" class=\"e-font-icon-svg e-fas-plus\" viewbox=\"0 0 448 512\" xmlns=\"http:\/\/www.w3.org\/2000\/svg\"><path d=\"M416 208H272V64c0-17.67-14.33-32-32-32h-32c-17.67 0-32 14.33-32 32v144H32c-17.67 0-32 14.33-32 32v32c0 17.67 14.33 32 32 32h144v144c0 17.67 14.33 32 32 32h32c17.67 0 32-14.33 32-32V304h144c17.67 0 32-14.33 32-32v-32c0-17.67-14.33-32-32-32z\"><\/path><\/svg><\/span>\n\t\t<\/span>\n\n\t\t\t\t\t\t<\/summary>\n\t\t\t\t<div role=\"region\" aria-labelledby=\"e-n-accordion-item-2451\" class=\"elementor-element elementor-element-89f58bb e-con-full e-flex e-con e-child\" data-id=\"89f58bb\" data-element_type=\"container\" data-e-type=\"container\">\n\t\t\t\t<div class=\"elementor-element elementor-element-c916144 elementor-widget elementor-widget-text-editor\" data-id=\"c916144\" data-element_type=\"widget\" data-e-type=\"widget\" data-widget_type=\"text-editor.default\">\n\t\t\t\t\t\t\t\t\t<p>Leedus toimetame teie kauba kohale <b data-path-to-node=\"0\" data-index-in-node=\"32\">1-2 d. d.<\/b>, L\u00e4ti ja Eesti - \u00fcle <b data-path-to-node=\"0\" data-index-in-node=\"71\">2-3 d. d.<\/b> (tasuta alates 30 eurost) ja Soomes l\u00e4bi <b data-path-to-node=\"0\" data-index-in-node=\"121\">3-4 d. d.<\/b> (tasuta alates 50 eurost). V\u00e4iksemate tellimuste puhul kehtib standardtasu, mida n\u00e4ete kassas.<\/p>\t\t\t\t\t\t\t\t<\/div>\n\t\t\t\t<\/div>\n\t\t\t\t\t<\/details>\n\t\t\t\t\t\t<details id=\"e-n-accordion-item-2452\" class=\"e-n-accordion-item\" >\n\t\t\t\t<summary class=\"e-n-accordion-item-title\" data-accordion-index=\"3\" tabindex=\"-1\" aria-expanded=\"false\" aria-controls=\"e-n-accordion-item-2452\" >\n\t\t\t\t\t<span class='e-n-accordion-item-title-header'><div class=\"e-n-accordion-item-title-text\"> Kas ma v\u00f5in toidulisandeid tagastada? <\/div><\/span>\n\t\t\t\t\t\t\t<span class='e-n-accordion-item-title-icon'>\n\t\t\t<span class='e-opened' ><svg aria-hidden=\"true\" class=\"e-font-icon-svg e-fas-minus\" viewbox=\"0 0 448 512\" xmlns=\"http:\/\/www.w3.org\/2000\/svg\"><path d=\"M416 208H32c-17.67 0-32 14.33-32 32v32c0 17.67 14.33 32 32 32h384c17.67 0 32-14.33 32-32v-32c0-17.67-14.33-32-32-32z\"><\/path><\/svg><\/span>\n\t\t\t<span class='e-closed'><svg aria-hidden=\"true\" class=\"e-font-icon-svg e-fas-plus\" viewbox=\"0 0 448 512\" xmlns=\"http:\/\/www.w3.org\/2000\/svg\"><path d=\"M416 208H272V64c0-17.67-14.33-32-32-32h-32c-17.67 0-32 14.33-32 32v144H32c-17.67 0-32 14.33-32 32v32c0 17.67 14.33 32 32 32h144v144c0 17.67 14.33 32 32 32h32c17.67 0 32-14.33 32-32V304h144c17.67 0 32-14.33 32-32v-32c0-17.67-14.33-32-32-32z\"><\/path><\/svg><\/span>\n\t\t<\/span>\n\n\t\t\t\t\t\t<\/summary>\n\t\t\t\t<div role=\"region\" aria-labelledby=\"e-n-accordion-item-2452\" class=\"elementor-element elementor-element-eb59abb e-con-full e-flex e-con e-child\" data-id=\"eb59abb\" data-element_type=\"container\" data-e-type=\"container\">\n\t\t\t\t<div class=\"elementor-element elementor-element-7ee0de4 elementor-widget elementor-widget-text-editor\" data-id=\"7ee0de4\" data-element_type=\"widget\" data-e-type=\"widget\" data-widget_type=\"text-editor.default\">\n\t\t\t\t\t\t\t\t\t<p>Toidulisandeid ja kosmeetikatooteid saab tagastada ainult siis, kui pakend on t\u00e4iesti puutumatu, avamata ja kaitsekile ei ole maha rebitud.<\/p>\t\t\t\t\t\t\t\t<\/div>\n\t\t\t\t<\/div>\n\t\t\t\t\t<\/details>\n\t\t\t\t\t\t<details id=\"e-n-accordion-item-2453\" class=\"e-n-accordion-item\" >\n\t\t\t\t<summary class=\"e-n-accordion-item-title\" data-accordion-index=\"4\" tabindex=\"-1\" aria-expanded=\"false\" aria-controls=\"e-n-accordion-item-2453\" >\n\t\t\t\t\t<span class='e-n-accordion-item-title-header'><div class=\"e-n-accordion-item-title-text\"> Kes maksab kauba tagastamise eest? <\/div><\/span>\n\t\t\t\t\t\t\t<span class='e-n-accordion-item-title-icon'>\n\t\t\t<span class='e-opened' ><svg aria-hidden=\"true\" class=\"e-font-icon-svg e-fas-minus\" viewbox=\"0 0 448 512\" xmlns=\"http:\/\/www.w3.org\/2000\/svg\"><path d=\"M416 208H32c-17.67 0-32 14.33-32 32v32c0 17.67 14.33 32 32 32h384c17.67 0 32-14.33 32-32v-32c0-17.67-14.33-32-32-32z\"><\/path><\/svg><\/span>\n\t\t\t<span class='e-closed'><svg aria-hidden=\"true\" class=\"e-font-icon-svg e-fas-plus\" viewbox=\"0 0 448 512\" xmlns=\"http:\/\/www.w3.org\/2000\/svg\"><path d=\"M416 208H272V64c0-17.67-14.33-32-32-32h-32c-17.67 0-32 14.33-32 32v144H32c-17.67 0-32 14.33-32 32v32c0 17.67 14.33 32 32 32h144v144c0 17.67 14.33 32 32 32h32c17.67 0 32-14.33 32-32V304h144c17.67 0 32-14.33 32-32v-32c0-17.67-14.33-32-32-32z\"><\/path><\/svg><\/span>\n\t\t<\/span>\n\n\t\t\t\t\t\t<\/summary>\n\t\t\t\t<div role=\"region\" aria-labelledby=\"e-n-accordion-item-2453\" class=\"elementor-element elementor-element-a025544 e-flex e-con-boxed e-con e-child\" data-id=\"a025544\" data-element_type=\"container\" data-e-type=\"container\">\n\t\t\t\t\t<div class=\"e-con-inner\">\n\t\t\t\t<div class=\"elementor-element elementor-element-968d6a7 elementor-widget elementor-widget-text-editor\" data-id=\"968d6a7\" data-element_type=\"widget\" data-e-type=\"widget\" data-widget_type=\"text-editor.default\">\n\t\t\t\t\t\t\t\t\t<p>Kvaliteetsete kaupade tagastamise kulud kannab ostja. Kui kaup on defektne v\u00f5i ebakvaliteetne, kannab Purama tagastamiskulud.<\/p>\t\t\t\t\t\t\t\t<\/div>\n\t\t\t\t\t<\/div>\n\t\t\t\t<\/div>\n\t\t\t\t\t<\/details>\n\t\t\t\t\t\t<details id=\"e-n-accordion-item-2454\" class=\"e-n-accordion-item\" >\n\t\t\t\t<summary class=\"e-n-accordion-item-title\" data-accordion-index=\"5\" tabindex=\"-1\" aria-expanded=\"false\" aria-controls=\"e-n-accordion-item-2454\" >\n\t\t\t\t\t<span class='e-n-accordion-item-title-header'><div class=\"e-n-accordion-item-title-text\"> Kuhu ma peaksin oma tagastatud kaubad saatma? <\/div><\/span>\n\t\t\t\t\t\t\t<span class='e-n-accordion-item-title-icon'>\n\t\t\t<span class='e-opened' ><svg aria-hidden=\"true\" class=\"e-font-icon-svg e-fas-minus\" viewbox=\"0 0 448 512\" xmlns=\"http:\/\/www.w3.org\/2000\/svg\"><path d=\"M416 208H32c-17.67 0-32 14.33-32 32v32c0 17.67 14.33 32 32 32h384c17.67 0 32-14.33 32-32v-32c0-17.67-14.33-32-32-32z\"><\/path><\/svg><\/span>\n\t\t\t<span class='e-closed'><svg aria-hidden=\"true\" class=\"e-font-icon-svg e-fas-plus\" viewbox=\"0 0 448 512\" xmlns=\"http:\/\/www.w3.org\/2000\/svg\"><path d=\"M416 208H272V64c0-17.67-14.33-32-32-32h-32c-17.67 0-32 14.33-32 32v144H32c-17.67 0-32 14.33-32 32v32c0 17.67 14.33 32 32 32h144v144c0 17.67 14.33 32 32 32h32c17.67 0 32-14.33 32-32V304h144c17.67 0 32-14.33 32-32v-32c0-17.67-14.33-32-32-32z\"><\/path><\/svg><\/span>\n\t\t<\/span>\n\n\t\t\t\t\t\t<\/summary>\n\t\t\t\t<div role=\"region\" aria-labelledby=\"e-n-accordion-item-2454\" class=\"elementor-element elementor-element-ee537e6 e-flex e-con-boxed e-con e-child\" data-id=\"ee537e6\" data-element_type=\"container\" data-e-type=\"container\">\n\t\t\t\t\t<div class=\"e-con-inner\">\n\t\t\t\t<div class=\"elementor-element elementor-element-6702ac1 elementor-widget elementor-widget-text-editor\" data-id=\"6702ac1\" data-element_type=\"widget\" data-e-type=\"widget\" data-widget_type=\"text-editor.default\">\n\t\t\t\t\t\t\t\t\t<p data-path-to-node=\"3,0\"><b data-path-to-node=\"3,0\" data-index-in-node=\"0\">Palun teavitage meid k\u00f5igepealt e-posti teel <a class=\"ng-star-inserted\" href=\"mailto:info@purama.lt\" target=\"_blank\" rel=\"noopener\" data-hveid=\"0\" data-ved=\"0CAAQ_4QMahgKEwiwocnuw-yRAxUAAAAAHQAAAAAQgg0\">info@purama.lt<\/a><\/b> koos teie tellimuse numbriga.<\/p>\n<p data-path-to-node=\"3,1\">Kui olete selle sammu l\u00f5petanud, pakendage kaup kindlalt ja saatke see j\u00e4rgmisele aadressile: <b data-path-to-node=\"3,1\" data-index-in-node=\"71\">UAB \u201e\u017dalias la\u0161as\u201c, Juozapavi\u010diaus g. 6A, LT-09310 Vilnius.<\/b><\/p>\t\t\t\t\t\t\t\t<\/div>\n\t\t\t\t\t<\/div>\n\t\t\t\t<\/div>\n\t\t\t\t\t<\/details>\n\t\t\t\t\t<\/div>\n\t\t\t\t\t\t<\/div>\n\t\t\t\t\t<\/div>\n\t\t\t\t<\/div>\n\t\t\t\t<\/div>","protected":false},"excerpt":{"rendered":"<p>Pirkimo taisykl\u0117s Paskutin\u012f kart\u0105 atnaujinta: 2025-03-13 1. Bendrosios nuostatos ir Pardav\u0117jas Pirkimo taisykl\u0117s nustato pirkimo, apmok\u0117jimo ir gr\u0105\u017einimo tvark\u0105 el. parduotuv\u0117je Purama. Pardav\u0117jas ir preki\u0173 tiek\u0117jas: UAB \u201e\u017dalias la\u0161as\u201c \u012emon\u0117s kodas: 305855084PVM kodas: LT100014337119Registracijos adresas: \u0160altini\u0173 g. 5-12, VilniusVeiklos adresas (Sand\u0117lis): Juozapavi\u010diaus g. 6A, Vilnius 2. Preki\u0173 u\u017esakymas ir pristatymas Pristatymo informacija Pristatymo terminai: Lietuvoje: [&hellip;]<\/p>\n","protected":false},"author":38,"featured_media":0,"parent":0,"menu_order":0,"comment_status":"closed","ping_status":"closed","template":"template-fullwidth.php","meta":{"_acf_changed":false,"footnotes":""},"class_list":["post-11","page","type-page","status-publish","hentry"],"acf":[],"_links":{"self":[{"href":"https:\/\/purama.lt\/ee\/wp-json\/wp\/v2\/pages\/11","targetHints":{"allow":["GET"]}}],"collection":[{"href":"https:\/\/purama.lt\/ee\/wp-json\/wp\/v2\/pages"}],"about":[{"href":"https:\/\/purama.lt\/ee\/wp-json\/wp\/v2\/types\/page"}],"author":[{"embeddable":true,"href":"https:\/\/purama.lt\/ee\/wp-json\/wp\/v2\/users\/38"}],"replies":[{"embeddable":true,"href":"https:\/\/purama.lt\/ee\/wp-json\/wp\/v2\/comments?post=11"}],"version-history":[{"count":0,"href":"https:\/\/purama.lt\/ee\/wp-json\/wp\/v2\/pages\/11\/revisions"}],"wp:attachment":[{"href":"https:\/\/purama.lt\/ee\/wp-json\/wp\/v2\/media?parent=11"}],"curies":[{"name":"wp","href":"https:\/\/api.w.org\/{rel}","templated":true}]}}